{"id":820,"date":"2014-02-20T08:40:16","date_gmt":"2014-02-20T07:40:16","guid":{"rendered":"http:\/\/espiritualidad-cuantica.es\/?page_id=820"},"modified":"2016-06-24T01:43:03","modified_gmt":"2016-06-23T23:43:03","slug":"los-talleres-del-universo-holografico","status":"publish","type":"page","link":"https:\/\/espiritualidad-cuantica.es\/?page_id=820","title":{"rendered":"Los talleres del Universo Hologr\u00e1fico"},"content":{"rendered":"<p>Esto es una serie de talleres en cinco partes, dise\u00f1ados para examinar c\u00f3mo cambian radicalmente la F\u00edsica Cu\u00e1ntica y los experimentos cient\u00edficos m\u00e1s recientes nuestro conocimiento de la vida, nuestra realidad y nuestra espiritualidad. Se basan en los talleres presentados en directo en todo el mundo durante los \u00faltimos cuatro a\u00f1os por Stephen Davis, autor del libro <em><i>Las mariposas vuelan libres: un acercamiento nuevo y radical a la evoluci\u00f3n espiritual.<\/i><\/em><\/p>\n<p>(Si no has visto el v\u00eddeo de seis minutos de invitaci\u00f3n a estos talleres, podr\u00e1s encontrarlo en <a href=\"https:\/\/www.youtube.com\/watch?v=LDv8ouWJrmQ\" target=\"_blank\">YouTube<\/a>)<\/p>\n<p>Puedes ver cada parte directamente, por descarga continua de los v\u00eddeos; o descargarlos como archivos de v\u00eddeo .avi para verlos en tu ordenador con cualquier programa de visionado de pel\u00edculas que tengas.<\/p>\n<p>Estos son los enlaces para ver las cinco partes:<\/p>\n<p><a href=\"http:\/\/espiritualidad-cuantica.es\/?page_id=13\">Primera Parte<\/a> &#8211; 88 minutos<\/p>\n<p><a href=\"http:\/\/espiritualidad-cuantica.es\/?page_id=14\">Segunda Parte<\/a> &#8211; 79 minutos<\/p>\n<p><a href=\"http:\/\/espiritualidad-cuantica.es\/?page_id=16\">Tercera Parte<\/a>\u00a0&#8211; 74 minutos<\/p>\n<p><a href=\"http:\/\/espiritualidad-cuantica.es\/?page_id=119\">Cuarta Parte<\/a> &#8211; 76 minutos<\/p>\n<p><a href=\"http:\/\/espiritualidad-cuantica.es\/?page_id=314\">Quinta Parte<\/a> &#8211; 106 minutos<\/p>\n<p>En <a href=\"http:\/\/www.universoholograficotalleres.es\" target=\"_blank\">www.universoholograficotalleres.es<\/a>, hay tambi\u00e9n una transcripci\u00f3n en formato .pdf por si quieres leerla junto al v\u00eddeo (y para personas con discapacidad auditiva).<\/p>\n<p>\u00bfNecesitas ayuda? \u00bfQuieres preguntar algo? M\u00e1ndanos un <a href=\"mailto:support@universoholograficotaleres.es\">email<\/a><\/p>\n<p><i>NOTA DEL AUTOR<\/i>: Deseo expresar mi reconocimiento y profunda gratitud a Pedro Ruiz de Luna por su arduo trabajo y dedicaci\u00f3n a esta traducci\u00f3n al Espa\u00f1ol, incluyendo el libro y los videos.<\/p>\n<p style=\"text-align: center;\">Vuelta a <a href=\"http:\/\/espiritualidad-cuantica.es\">Inicio<\/a><\/p>\n","protected":false},"excerpt":{"rendered":"<p>Esto es una serie de talleres en cinco partes, dise\u00f1ados para examinar c\u00f3mo cambian radicalmente la F\u00edsica Cu\u00e1ntica y los experimentos cient\u00edficos m\u00e1s recientes nuestro conocimiento de la vida, nuestra realidad y nuestra espiritualidad. Se basan en los talleres presentados en directo en todo el mundo durante los \u00faltimos cuatro a\u00f1os por Stephen Davis, autor [&hellip;]<\/p>\n","protected":false},"author":1,"featured_media":0,"parent":0,"menu_order":0,"comment_status":"closed","ping_status":"closed","template":"","meta":{"footnotes":""},"class_list":["post-820","page","type-page","status-publish","hentry"],"_links":{"self":[{"href":"https:\/\/espiritualidad-cuantica.es\/index.php?rest_route=\/wp\/v2\/pages\/820","targetHints":{"allow":["GET"]}}],"collection":[{"href":"https:\/\/espiritualidad-cuantica.es\/index.php?rest_route=\/wp\/v2\/pages"}],"about":[{"href":"https:\/\/espiritualidad-cuantica.es\/index.php?rest_route=\/wp\/v2\/types\/page"}],"author":[{"embeddable":true,"href":"https:\/\/espiritualidad-cuantica.es\/index.php?rest_route=\/wp\/v2\/users\/1"}],"replies":[{"embeddable":true,"href":"https:\/\/espiritualidad-cuantica.es\/index.php?rest_route=%2Fwp%2Fv2%2Fcomments&post=820"}],"version-history":[{"count":27,"href":"https:\/\/espiritualidad-cuantica.es\/index.php?rest_route=\/wp\/v2\/pages\/820\/revisions"}],"predecessor-version":[{"id":1000,"href":"https:\/\/espiritualidad-cuantica.es\/index.php?rest_route=\/wp\/v2\/pages\/820\/revisions\/1000"}],"wp:attachment":[{"href":"https:\/\/espiritualidad-cuantica.es\/index.php?rest_route=%2Fwp%2Fv2%2Fmedia&parent=820"}],"curies":[{"name":"wp","href":"https:\/\/api.w.org\/{rel}","templated":true}]}}