{"id":549,"date":"2013-08-28T20:16:55","date_gmt":"2013-08-28T20:16:55","guid":{"rendered":"http:\/\/espiritualidad-cuantica.es\/?page_id=549"},"modified":"2023-07-27T05:46:15","modified_gmt":"2023-07-27T03:46:15","slug":"watch-the-videos-3","status":"publish","type":"page","link":"https:\/\/espiritualidad-cuantica.es\/?page_id=549","title":{"rendered":"Ver los v\u00eddeos"},"content":{"rendered":"<p><strong>CAP\u00cdTULO 1 &#8211; La Caverna de Plat\u00f3n<\/strong><\/p>\n<p class=\"text4\"><a class=\"c\" href=\"https:\/\/youtu.be\/69F7GhASOdM\" target=\"_blank\" rel=\"noopener\">La Caverna de Plat\u00f3n<\/a> (3 minutos) &#8211; \u00a0una adaptaci\u00f3n ganadora de muchos premios de la &#8216;Alegor\u00eda de la Caverna&#8217;, de Plat\u00f3n, en figuras de arcilla animadas.<\/p>\n<p class=\"text4\"><a class=\"c\" href=\"https:\/\/drive.google.com\/file\/d\/0By9X7CaHqt8NNzZ3WmVjT3A0NFk\/view?usp=drive_link&amp;resourcekey=0-XLiEKbtKfHhvhGY_XbUnqQ\" target=\"_blank\" rel=\"noopener\">Pel\u00edcula de Inmersi\u00f3n Total<\/a>\u00a0(4 minutos) &#8211; Ver la idea que tiene Woody Allen de una pel\u00edcula de inmersi\u00f3n total en la suya de 1985 <em>La Rosa p\u00farpura de El Cairo<\/em>.<\/p>\n<p class=\"text4\"><strong>CAP\u00cdTULO 4 &#8211; La Biblioteca<\/strong><\/p>\n<p class=\"text4\"><a class=\"c\" href=\"https:\/\/drive.google.com\/file\/d\/0By9X7CaHqt8NOXVLR3YxdDVnMUE\/view?usp=drive_link&amp;resourcekey=0-mw8rj8mkuJAA5GH-fUt9ag\" target=\"_blank\" rel=\"noopener\">Potencias de Diez<\/a> &#8211; <em>Powers of Ten<\/em> es un documental corto americano de 1968 escrito y dirigido por Ray Eames y su marido, Charles Eames, reeditado in 1977, que nos transporta al punto m\u00e1s alejado del Universo concebible y de vuelta a la part\u00edcula m\u00e1s peque\u00f1a de la existencia, un \u00e1tomo de una c\u00e9lula humana viva.<\/p>\n<p class=\"text4\"><a class=\"c\" href=\"https:\/\/drive.google.com\/file\/d\/0By9X7CaHqt8NRTBjOTFidzB0amc\/view?usp=drive_link&amp;resourcekey=0-vMnWCcErnTWY4XFRKrKNmQ\" target=\"_blank\" rel=\"noopener\">El Experimento de la Doble Ranura<\/a> &#8211; El Capit\u00e1n Quantum explica qu\u00e9 sucede en el experimento de la doble ranura.<\/p>\n<p class=\"text4\"><strong>CAP\u00cdTULO 5 &#8211; El Campo<\/strong><\/p>\n<p class=\"text4\"><a class=\"c\" href=\"https:\/\/drive.google.com\/file\/d\/0By9X7CaHqt8NZ3BXQnpxT1dCNk0\/view?usp=drive_link&amp;resourcekey=0-IiOjc4_y1MMW0hPSdBE1og\" target=\"_blank\" rel=\"noopener\">El observador<\/a> &#8211; El Capit\u00e1n Quantum explica el efecto que tiene el observador en el experimento de la doble ranura.<\/p>\n<p class=\"text4\"><a class=\"c\" href=\"https:\/\/drive.google.com\/file\/d\/0By9X7CaHqt8NQzZOdkFrbzlVYjg\/view?usp=drive_link&amp;resourcekey=0-AeKrAZkmcZiUReiO4cEbkw\" target=\"_blank\" rel=\"noopener\">El Campo<\/a> &#8211; Los doctores John Hagelin y Fred Alan Wolf explican &#8220;El Campo.&#8221;<\/p>\n<p class=\"text4\"><strong>CAP\u00cdTULO 6 &#8211; El Holograma<\/strong><\/p>\n<p class=\"text4\"><a class=\"c\" href=\"https:\/\/drive.google.com\/file\/d\/0By9X7CaHqt8Na0hNOGhtTUxqbTg\/view?usp=drive_link&amp;resourcekey=0-3JIMLoUICXP0ETTuCCjlEw\" target=\"_blank\" rel=\"noopener\">Nivel trece<\/a> &#8211; Douglas Hall tiene su primera experiencia en un holograma de Los \u00c1ngeles en 1937 creado por una m\u00e1quina de hologramas.<\/p>\n<p class=\"text4\"><a class=\"c\" href=\"https:\/\/drive.google.com\/file\/d\/0By9X7CaHqt8NSk5tOHFKVnNhVmc\/view?usp=drive_link&amp;resourcekey=0-l_vY_Fqa1UgQaYaAxiIxtA\" target=\"_blank\" rel=\"noopener\">Star Trek: la nueva generaci\u00f3n<\/a> &#8211; El Capit\u00e1n Riker experimenta un holograma muy &#8220;real&#8221; en el Holodeck a bordo del Enterprise.<\/p>\n<p class=\"text4\"><strong>CAP\u00cdTULO 7 &#8211; No hay un \u201cah\u00ed fuera\u201d ah\u00ed fuera<\/strong><\/p>\n<p class=\"text4\"><a class=\"c\" href=\"https:\/\/drive.google.com\/file\/d\/0By9X7CaHqt8NNldPd1JXYzJWLWc\/view?usp=drive_link&amp;resourcekey=0-HEM2D7e_5qcASSmOAfiXpA\" target=\"_blank\" rel=\"noopener\">Los experimentos de Libet<\/a> &#8211; El doctor Stuart Hameroff describe los famosos experimentos cerebrales llevados a cabo por el doctor Benjamin Libet a principios de la d\u00e9cada de 1970.<\/p>\n<p class=\"text4\"><a class=\"c\" href=\"https:\/\/drive.google.com\/file\/d\/0By9X7CaHqt8NeXdOT214ZVE4V2M\/view?usp=drive_link&amp;resourcekey=0-uH9tx4VUx5CIVz3mbGBy3w\" target=\"_blank\" rel=\"noopener\">Los experimentos de Radin<\/a> &#8211; El doctor Dean Radin describe sus propios experimentos.<\/p>\n<p class=\"text4\"><a class=\"c\" href=\"https:\/\/drive.google.com\/file\/d\/0By9X7CaHqt8NLXBxQUNjalFiVm8\/view?usp=drive_link&amp;resourcekey=0-_Zqfnti_vKNx-pmkdYBbDA\" target=\"_blank\" rel=\"noopener\">Tu cerebro lo sabe antes que t\u00fa<\/a> &#8211; Ver los sorprendentes resultados de un esc\u00e1ner cerebral en este documental de la BBC de 2010.<\/p>\n<p class=\"text4\"><a class=\"c\" href=\"https:\/\/drive.google.com\/file\/d\/0By9X7CaHqt8NTnBvN3FkMGJvT0U\/view?usp=drive_link&amp;resourcekey=0-yBt_QgIx4TMajw_Es893NQ\" target=\"_blank\" rel=\"noopener\">No hay un &#8216;ah\u00ed fuera&#8217; ah\u00ed fuera<\/a> &#8211; El doctor Fred Alan Wolf y la escritora Lynne McTaggert explican que no hay un &#8216;ah\u00ed fuera&#8217; ah\u00ed fuera.<\/p>\n<p class=\"text4\"><strong>CAP\u00cdTULO 9 &#8211; El Modelo de la Consciencia<\/strong><\/p>\n<p class=\"text4\"><a class=\"c\" href=\"https:\/\/drive.google.com\/file\/d\/0By9X7CaHqt8NaGtrZWZrRnZ1WjA\/view?usp=drive_link&amp;resourcekey=0-Zlp1aA-pMJmeXE7oHa9RiA\" target=\"_blank\" rel=\"noopener\">\u00bfQu\u00e9 es la consciencia?<\/a> &#8211; Ver c\u00f3mo intentan definir la &#8220;consciencia&#8221; las mentes m\u00e1s brillantes de la f\u00edsica cu\u00e1ntica.<\/p>\n<p class=\"text4\"><strong>CAP\u00cdTULO 17 &#8211; Creencias y Opiniones<\/strong><\/p>\n<p class=\"text4\"><a class=\"c\" href=\"https:\/\/drive.google.com\/file\/d\/0By9X7CaHqt8NVDUzMHdsZmQzZ3M\/view?usp=drive_link&amp;resourcekey=0-waZEReM-caC1dL-c0uOnnA\" target=\"_blank\" rel=\"noopener\">El doctor Bruce Lipton<\/a> &#8211; El doctor Bruce Lipton muestra c\u00f3mo afectan los filtros de nuestras creencias\u00a0a nuestras percepciones.<\/p>\n<p class=\"text4\"><a href=\"https:\/\/drive.google.com\/file\/d\/0By9X7CaHqt8NSzZKU3NjUzU2YmM\/view?usp=drive_link&amp;resourcekey=0-oqDvlckUuyVLrhQs8fnsiw\" target=\"_blank\" rel=\"noopener\">El doctor Kary Mullis<\/a> &#8211; El doctor Kary Mullis, premio Nobel de qu\u00edmica, explica que no hay pruebas cient\u00edficas de que el VIH provoque el SIDA.<\/p>\n<p class=\"text4\"><strong>CAP\u00cdTULO 18 &#8211; Resistencia<\/strong><\/p>\n<p class=\"text4\"><a href=\"https:\/\/drive.google.com\/file\/d\/0By9X7CaHqt8NZEwzWS1hTFFpeFU\/view?usp=drive_link&amp;resourcekey=0-HE9HoU4iAEkm0Z50X5CvIg\" target=\"_blank\" rel=\"noopener\">Di que s\u00ed<\/a>\u00a0<strong>&#8211; <\/strong>Decir \u201cs\u00ed\u201d hasta convertirlo en un h\u00e1bito nuevo es la forma m\u00e1s f\u00e1cil y r\u00e1pida de ganar confianza en nuestro <i>Yo Infinito<\/i>.<\/p>\n<p class=\"text4\"><strong>CAP\u00cdTULO 21 &#8211; Sobre transformarse en mariposa<\/strong><\/p>\n<p class=\"text4\"><a class=\"c\" href=\"https:\/\/drive.google.com\/file\/d\/0By9X7CaHqt8NVHlUb2J3TGlveTA\/view?usp=drive_link&amp;resourcekey=0-slXZuug32Oqyfg_5dmmfDw\" target=\"_blank\" rel=\"noopener\">Indiana Jones y la \u00daltima Cruzada<\/a> &#8211; Ver a Indiana Jones (Harrison Ford) en un &#8220;acto de fe&#8221; cuando da un paso en el aire.<\/p>\n<p class=\"text4\"><strong>CAP\u00cdTULO 23 &#8211; Otra gente<\/strong><\/p>\n<p class=\"text4\"><a href=\"https:\/\/drive.google.com\/file\/d\/0By9X7CaHqt8NVmFfYlJTUm9DRG8\/view?usp=drive_link&amp;resourcekey=0-_Hz2jxqZxb9s6yNC4FolRw\" target=\"_blank\" rel=\"noopener\">Abre los ojos<\/a> &#8211; Tom Cruise se encuentra solo en la ciudad de Nueva York<\/p>\n<p class=\"text4\"><a class=\"c\" href=\"https:\/\/drive.google.com\/file\/d\/0By9X7CaHqt8NRTFCUWtwWE1TdEE\/view?usp=drive_link&amp;resourcekey=0-zJZPjQPE2KCQDYLDJSR1dg\" target=\"_blank\" rel=\"noopener\">C\u00f3mo se hizo John Adams<\/a> &#8211; 15 &#8220;extras&#8221; se transforman en una multitud de 10.000.<\/p>\n<p class=\"text4\" style=\"text-align: center;\">Vuelta a <a href=\"http:\/\/espiritualidad-cuantica.es\">Inicio<\/a><\/p>\n","protected":false},"excerpt":{"rendered":"<p>CAP\u00cdTULO 1 &#8211; La Caverna de Plat\u00f3n La Caverna de Plat\u00f3n (3 minutos) &#8211; \u00a0una adaptaci\u00f3n ganadora de muchos premios de la &#8216;Alegor\u00eda de la Caverna&#8217;, de Plat\u00f3n, en figuras de arcilla animadas. Pel\u00edcula de Inmersi\u00f3n Total\u00a0(4 minutos) &#8211; Ver la idea que tiene Woody Allen de una pel\u00edcula de inmersi\u00f3n total en la suya [&hellip;]<\/p>\n","protected":false},"author":1,"featured_media":0,"parent":0,"menu_order":0,"comment_status":"open","ping_status":"open","template":"","meta":{"footnotes":""},"class_list":["post-549","page","type-page","status-publish","hentry"],"_links":{"self":[{"href":"https:\/\/espiritualidad-cuantica.es\/index.php?rest_route=\/wp\/v2\/pages\/549","targetHints":{"allow":["GET"]}}],"collection":[{"href":"https:\/\/espiritualidad-cuantica.es\/index.php?rest_route=\/wp\/v2\/pages"}],"about":[{"href":"https:\/\/espiritualidad-cuantica.es\/index.php?rest_route=\/wp\/v2\/types\/page"}],"author":[{"embeddable":true,"href":"https:\/\/espiritualidad-cuantica.es\/index.php?rest_route=\/wp\/v2\/users\/1"}],"replies":[{"embeddable":true,"href":"https:\/\/espiritualidad-cuantica.es\/index.php?rest_route=%2Fwp%2Fv2%2Fcomments&post=549"}],"version-history":[{"count":38,"href":"https:\/\/espiritualidad-cuantica.es\/index.php?rest_route=\/wp\/v2\/pages\/549\/revisions"}],"predecessor-version":[{"id":1061,"href":"https:\/\/espiritualidad-cuantica.es\/index.php?rest_route=\/wp\/v2\/pages\/549\/revisions\/1061"}],"wp:attachment":[{"href":"https:\/\/espiritualidad-cuantica.es\/index.php?rest_route=%2Fwp%2Fv2%2Fmedia&parent=549"}],"curies":[{"name":"wp","href":"https:\/\/api.w.org\/{rel}","templated":true}]}}