{"id":52,"date":"2012-07-22T19:03:44","date_gmt":"2012-07-22T19:03:44","guid":{"rendered":"http:\/\/butterfliesfree.com\/?page_id=52"},"modified":"2016-07-08T18:30:02","modified_gmt":"2016-07-08T16:30:02","slug":"download-the-audiobook","status":"publish","type":"page","link":"https:\/\/espiritualidad-cuantica.es\/?page_id=52","title":{"rendered":"Descargar el audiolibro (Ingl\u00e9s)"},"content":{"rendered":"<p class=\"text4\">(Por el momento el audiolibro gratuito est\u00e1 disponible s\u00f3lo en Ingl\u00e9s. Estamos trabajando para que pronto est\u00e9 disponible tambi\u00e9n en Espa\u00f1ol.)<\/p>\n<p class=\"text4\">Esto es el libro, completo y sin abreviar, <em>Las mariposas vuelan libres. Un acceso innovador y radical a la evoluci\u00f3n espiritual <\/em>en formato mp3, que puede escucharse en un ordenador, o iPod, o cualquier reproductor MP3.<\/p>\n<p class=\"text4\">Tiene una duraci\u00f3n de 14 horas. El archivo .zip a descargar pesa 740 Mb, as\u00ed que tenga paciencia. Por supuesto, una vez descargado tendr\u00e1 que extraer el contenido de la carpeta .zip con el software de que disponga. Al final obtendr\u00e1 36 archivos de cap\u00edtulo m\u00e1s una Introducci\u00f3n y tres Prefacios en formato mp3.<\/p>\n<p><center><a href=\"https:\/\/www.adrive.com\/public\/KhKQfK\/ButterfliesAreFreeToFlyAudiobook.zip\"><img loading=\"lazy\" decoding=\"async\" class=\"aligncenter size-full wp-image-125\" title=\"downloadzip\" src=\"http:\/\/butterfliesfree.com\/wp-content\/uploads\/2012\/07\/downloadzip.jpg\" alt=\"\" width=\"240\" height=\"100\" \/><\/a><\/center><center><\/center><center><strong>*** O bien ***<\/strong><\/center>&nbsp;<\/p>\n<p>Si prefiere un archivo m\u00e1s peque\u00f1o (280 Mb), que contiene archivos comprimidos y etiquetados para su reproductor mp3 o tel\u00e9fono m\u00f3vil (lo que significa que la calidad es algo menor que la carpeta anterior), puede descargarlo aqu\u00ed&#8230;<\/p>\n<p><center><a href=\"https:\/\/www.adrive.com\/public\/7YjDR5\/butterfliesfree.zip\"><img loading=\"lazy\" decoding=\"async\" class=\"aligncenter size-full wp-image-126\" title=\"downloadzip1\" src=\"http:\/\/butterfliesfree.com\/wp-content\/uploads\/2012\/07\/downloadzip1.jpg\" alt=\"\" width=\"240\" height=\"160\" \/><\/a><\/center><\/p>\n<p style=\"text-align: center;\">\u00a0Vuelta a\u00a0<a title=\"Inicio\" href=\"http:\/\/espiritualidad-cuantica.es\/?page_id=47\">Inicio<\/a><\/p>\n","protected":false},"excerpt":{"rendered":"<p>(Por el momento el audiolibro gratuito est\u00e1 disponible s\u00f3lo en Ingl\u00e9s. Estamos trabajando para que pronto est\u00e9 disponible tambi\u00e9n en Espa\u00f1ol.) Esto es el libro, completo y sin abreviar, Las mariposas vuelan libres. Un acceso innovador y radical a la evoluci\u00f3n espiritual en formato mp3, que puede escucharse en un ordenador, o iPod, o cualquier [&hellip;]<\/p>\n","protected":false},"author":1,"featured_media":0,"parent":0,"menu_order":0,"comment_status":"open","ping_status":"open","template":"","meta":{"footnotes":""},"class_list":["post-52","page","type-page","status-publish","hentry"],"_links":{"self":[{"href":"https:\/\/espiritualidad-cuantica.es\/index.php?rest_route=\/wp\/v2\/pages\/52","targetHints":{"allow":["GET"]}}],"collection":[{"href":"https:\/\/espiritualidad-cuantica.es\/index.php?rest_route=\/wp\/v2\/pages"}],"about":[{"href":"https:\/\/espiritualidad-cuantica.es\/index.php?rest_route=\/wp\/v2\/types\/page"}],"author":[{"embeddable":true,"href":"https:\/\/espiritualidad-cuantica.es\/index.php?rest_route=\/wp\/v2\/users\/1"}],"replies":[{"embeddable":true,"href":"https:\/\/espiritualidad-cuantica.es\/index.php?rest_route=%2Fwp%2Fv2%2Fcomments&post=52"}],"version-history":[{"count":15,"href":"https:\/\/espiritualidad-cuantica.es\/index.php?rest_route=\/wp\/v2\/pages\/52\/revisions"}],"predecessor-version":[{"id":1005,"href":"https:\/\/espiritualidad-cuantica.es\/index.php?rest_route=\/wp\/v2\/pages\/52\/revisions\/1005"}],"wp:attachment":[{"href":"https:\/\/espiritualidad-cuantica.es\/index.php?rest_route=%2Fwp%2Fv2%2Fmedia&parent=52"}],"curies":[{"name":"wp","href":"https:\/\/api.w.org\/{rel}","templated":true}]}}