{"id":35,"date":"2012-07-22T18:22:34","date_gmt":"2012-07-22T18:22:34","guid":{"rendered":"http:\/\/butterfliesfree.com\/?page_id=35"},"modified":"2023-08-16T02:20:42","modified_gmt":"2023-08-16T00:20:42","slug":"download-the-ebook","status":"publish","type":"page","link":"https:\/\/espiritualidad-cuantica.es\/?page_id=35","title":{"rendered":"Descargar el libro electr\u00f3nico"},"content":{"rendered":"<p class=\"text2\"><strong>VERSION PDF<\/strong><\/p>\n<p class=\"text4\">Puede descargarse el libro electr\u00f3nico completo <span style=\"color: #ff0000;\">gratis<\/span> (267\u00a0p\u00e1ginas &#8211; 2.4 Mb) en un archivo .pdf <a class=\"c\" href=\"http:\/\/espiritualidad-cuantica.es\/wp-content\/uploads\/2023\/08\/las-mariposas-vuelan-libres-un-acercamiento-innovador-y-radi.pdf\">aqu\u00ed<\/a>.<\/p>\n<p>Para leer el libro, esta versi\u00f3n en .pdf es realmente la mejor. En el libro hay fotos en color que se convierten en fotos en blanco y negro en Kindle y en Nook. Todos los enlaces internos integrados (para navegar por el libro) y los enlaces externos (en las notas y hacia los v\u00eddeos recomendados) funcionan en esta versi\u00f3n en .pdf. (Si no dispone de Adobe Reader, puede descargarlo <span style=\"color: #ff0000;\">gratis<\/span> <a class=\"c\" href=\"http:\/\/get.adobe.com\/reader\/\" target=\"_blank\" rel=\"noopener\">aqu\u00ed<\/a>.)<\/p>\n<p>Asimismo, <a href=\"http:\/\/espiritualidad-cuantica.es\/LasMariposasVuelanLibresPrint.pdf\">esta versi\u00f3n<\/a> es imprimible (198 p\u00e1ginas &#8211; 3.0 Mb) en DIN A-4.<\/p>\n<p class=\"text2\"><strong>OTRAS VERSIONES<\/strong><\/p>\n<p class=\"text4\">Tambi\u00e9n puede\u00a0puede descargarse el libro completo <span style=\"color: #ff0000;\">gratis<\/span> en otros formatos de archivo:<\/p>\n<p><span style=\"color: #ff0000;\">.mobi<\/span> para dispositivos Kindle, Kindle apps y Mobipocket Reader<\/p>\n<p><span style=\"color: #ff0000;\">.epub<\/span> para Apple iPad\/iBooks, Nook, Sony Reader, Kobo y la mayor\u00eda de apps para e-reading, inclusive Stanza, Aldiko, Digital Editions y otros.<\/p>\n<p><span style=\"color: #ff0000;\">.lrf<\/span> para modelos antiguos de Sony Reader<\/p>\n<p><span style=\"color: #ff0000;\">.pdb<\/span> para dispositivos de lectura Palm<\/p>\n<p style=\"text-align: left;\">visitando <a class=\"c\" href=\"https:\/\/www.smashwords.com\/books\/view\/366179\" target=\"_blank\" rel=\"noopener\">Smashwords.com<\/a>.<\/p>\n<p style=\"text-align: left;\" align=\"center\"><i>NOTA DEL AUTOR<\/i>: Deseo expresar mi reconocimiento y profunda gratitud a Pedro Ruiz de Luna por su arduo trabajo y dedicaci\u00f3n a esta traducci\u00f3n al Espa\u00f1ol, y a Toni Garcia Mah\u00f3n por su ayuda en la edici\u00f3n.<\/p>\n<p style=\"text-align: center;\">Vuelta a <a href=\"http:\/\/espiritualidad-cuantica.es\">Inicio<\/a><\/p>\n<p><!-- Start of StatCounter Code for Default Guide --><br \/>\n<script type=\"text\/javascript\">\/\/ <![CDATA[\nvar sc_project=9489982; \nvar sc_invisible=1; \nvar sc_security=\"c545a447\"; \nvar scJsHost = ((\"https:\" == document.location.protocol) ?\n\"https:\/\/secure.\" : \"http:\/\/www.\");\ndocument.write(\"<sc\"+\"ript type='text\/javascript' src='\" + scJsHost+ \"statcounter.com\/counter\/counter.js'><\/\"+\"script>\");\n\/\/ ]]><\/script><\/p>\n<div class=\"statcounter\"><a title=\"free hit counter\" href=\"http:\/\/statcounter.com\/\" target=\"_blank\" rel=\"noopener\"><img decoding=\"async\" class=\"statcounter\" src=\"http:\/\/c.statcounter.com\/9489982\/0\/c545a447\/1\/\" alt=\"free hit counter\" \/><\/a><\/div>\n<p><!-- End of StatCounter Code for Default Guide --><\/p>\n","protected":false},"excerpt":{"rendered":"<p>VERSION PDF Puede descargarse el libro electr\u00f3nico completo gratis (267\u00a0p\u00e1ginas &#8211; 2.4 Mb) en un archivo .pdf aqu\u00ed. Para leer el libro, esta versi\u00f3n en .pdf es realmente la mejor. En el libro hay fotos en color que se convierten en fotos en blanco y negro en Kindle y en Nook. Todos los enlaces internos [&hellip;]<\/p>\n","protected":false},"author":1,"featured_media":0,"parent":0,"menu_order":0,"comment_status":"open","ping_status":"open","template":"","meta":{"footnotes":""},"class_list":["post-35","page","type-page","status-publish","hentry"],"_links":{"self":[{"href":"https:\/\/espiritualidad-cuantica.es\/index.php?rest_route=\/wp\/v2\/pages\/35","targetHints":{"allow":["GET"]}}],"collection":[{"href":"https:\/\/espiritualidad-cuantica.es\/index.php?rest_route=\/wp\/v2\/pages"}],"about":[{"href":"https:\/\/espiritualidad-cuantica.es\/index.php?rest_route=\/wp\/v2\/types\/page"}],"author":[{"embeddable":true,"href":"https:\/\/espiritualidad-cuantica.es\/index.php?rest_route=\/wp\/v2\/users\/1"}],"replies":[{"embeddable":true,"href":"https:\/\/espiritualidad-cuantica.es\/index.php?rest_route=%2Fwp%2Fv2%2Fcomments&post=35"}],"version-history":[{"count":31,"href":"https:\/\/espiritualidad-cuantica.es\/index.php?rest_route=\/wp\/v2\/pages\/35\/revisions"}],"predecessor-version":[{"id":1064,"href":"https:\/\/espiritualidad-cuantica.es\/index.php?rest_route=\/wp\/v2\/pages\/35\/revisions\/1064"}],"wp:attachment":[{"href":"https:\/\/espiritualidad-cuantica.es\/index.php?rest_route=%2Fwp%2Fv2%2Fmedia&parent=35"}],"curies":[{"name":"wp","href":"https:\/\/api.w.org\/{rel}","templated":true}]}}