{"id":258,"date":"2012-07-24T21:46:43","date_gmt":"2012-07-24T21:46:43","guid":{"rendered":"http:\/\/butterfliesfree.com\/?page_id=258"},"modified":"2014-03-16T03:24:17","modified_gmt":"2014-03-16T02:24:17","slug":"email-support","status":"publish","type":"page","link":"https:\/\/espiritualidad-cuantica.es\/?page_id=258","title":{"rendered":"Email de apoyo"},"content":{"rendered":"<p>Si desea hacer alguna pregunta o tiene problemas t\u00e9cnicos de cualquier clase con el libro u otra parte de esta p\u00e1gina web, env\u00edenos por favor un correo a: <a href=\"mailto:apoyo@espiritualidad-cuantica.es\"><span style=\"color: #ff0000;\">apoyo@espiritualidad-cuantica.es<\/span><\/a><\/p>\n","protected":false},"excerpt":{"rendered":"<p>Si desea hacer alguna pregunta o tiene problemas t\u00e9cnicos de cualquier clase con el libro u otra parte de esta p\u00e1gina web, env\u00edenos por favor un correo a: apoyo@espiritualidad-cuantica.es<\/p>\n","protected":false},"author":1,"featured_media":0,"parent":0,"menu_order":0,"comment_status":"open","ping_status":"open","template":"","meta":{"footnotes":""},"class_list":["post-258","page","type-page","status-publish","hentry"],"_links":{"self":[{"href":"https:\/\/espiritualidad-cuantica.es\/index.php?rest_route=\/wp\/v2\/pages\/258","targetHints":{"allow":["GET"]}}],"collection":[{"href":"https:\/\/espiritualidad-cuantica.es\/index.php?rest_route=\/wp\/v2\/pages"}],"about":[{"href":"https:\/\/espiritualidad-cuantica.es\/index.php?rest_route=\/wp\/v2\/types\/page"}],"author":[{"embeddable":true,"href":"https:\/\/espiritualidad-cuantica.es\/index.php?rest_route=\/wp\/v2\/users\/1"}],"replies":[{"embeddable":true,"href":"https:\/\/espiritualidad-cuantica.es\/index.php?rest_route=%2Fwp%2Fv2%2Fcomments&post=258"}],"version-history":[{"count":9,"href":"https:\/\/espiritualidad-cuantica.es\/index.php?rest_route=\/wp\/v2\/pages\/258\/revisions"}],"predecessor-version":[{"id":893,"href":"https:\/\/espiritualidad-cuantica.es\/index.php?rest_route=\/wp\/v2\/pages\/258\/revisions\/893"}],"wp:attachment":[{"href":"https:\/\/espiritualidad-cuantica.es\/index.php?rest_route=%2Fwp%2Fv2%2Fmedia&parent=258"}],"curies":[{"name":"wp","href":"https:\/\/api.w.org\/{rel}","templated":true}]}}