{"id":152,"date":"2012-07-23T22:21:27","date_gmt":"2012-07-23T22:21:27","guid":{"rendered":"http:\/\/butterfliesfree.com\/?page_id=152"},"modified":"2016-06-30T19:26:11","modified_gmt":"2016-06-30T17:26:11","slug":"source-references","status":"publish","type":"page","link":"https:\/\/espiritualidad-cuantica.es\/?page_id=152","title":{"rendered":"Referencias"},"content":{"rendered":"<p align=\"center\">Lo que sigue es una lista de las fuentes del material que se ha usado para presentar la informaci\u00f3n en cinco partes de esta serie de talleres sobre el Universo Hologr\u00e1fico<\/p>\n<p style=\"text-align: center;\"><strong>PRIMERA PARTE<\/strong><\/p>\n<p style=\"text-align: left;\"><strong>\u00a0<\/strong><span style=\"text-decoration: underline;\">Libros<\/span><\/p>\n<p><i>The Holographic Universe<\/i>\u00a0 (El Universo Hologr\u00e1fico), de Michael Talbot, disponible en\u00a0<span style=\"text-decoration: underline;\"><a style=\"line-height: 1.5em;\" href=\"http:\/\/www.amazon.com\/The-Holographic-Universe-Michael-Talbot\/dp\/B004S2W7F2\/ref=sr_1_4?ie=UTF8&amp;qid=1343082122&amp;sr=8-4&amp;keywords=the+holographic+universe\" target=\"_blank\">Amazon.com<\/a><\/span><\/p>\n<p><em><i><i>The Field: The Quest for the Secret Force of the Universe<\/i> <\/i><\/em>(El Campo: la busca de la fuerza secreta del Universo), de Lynn McTaggert, disponible en\u00a0<em>\u00a0<\/em><a href=\"http:\/\/www.amazon.com\/The-Field-Quest-Secret-Universe\/dp\/006143518X\/ref=sr_1_3?ie=UTF8&amp;qid=1343082122&amp;sr=8-3&amp;keywords=the+holographic+universe\" target=\"_blank\">Amazon.com<\/a><\/p>\n<p>&nbsp;<\/p>\n<p><span style=\"text-decoration: underline;\">DVD\/Pel\u00edculas\/V\u00eddeos<\/span><\/p>\n<p align=\"left\"><i>The Thirteen Floor<\/i> (Nivel trece), protagonizada por Craig Bierko (1999), disponible en\u00a0<span style=\"text-decoration: underline;\"><a href=\"http:\/\/www.amazon.com\/Thirteenth-Floor-Craig-Bierko\/dp\/0767821629\/ref=sr_1_1?s=movies-tv&amp;ie=UTF8&amp;qid=1343082312&amp;sr=1-1&amp;keywords=the+thirteenth+floor\" target=\"_blank\">Amazon.com<\/a><\/span><\/p>\n<p><i>Star Trek: The New Generation <\/i>(Star Trek, la nueva generaci\u00f3n), \u201c11001001\u201d, primera temporada, episodio 14, disponible en\u00a0<a href=\"http:\/\/www.amazon.com\/Star-Trek-The-Next-Generation\/dp\/B00005Y1NF\/ref=sr_1_8?ie=UTF8&amp;qid=1343082753&amp;sr=8-8&amp;keywords=star+trek+next+season+1\" target=\"_blank\">Amazon.com<\/a><\/p>\n<p><em><i>What the Bleep!? \u2013 Down the Rabbit Hole <\/i><\/em>(\u00a1\u00bfQu\u00e9 coj\u2026!? En la madriguera del conejo), (QUANTUM, edici\u00f3n especial en tres DVD), disponible en<em>\u00a0<\/em><a href=\"http:\/\/www.amazon.com\/What-Bleep-QUANTUM-Three-Disc-Special\/dp\/B000FKO3JO\/ref=sr_1_2?s=movies-tv&amp;ie=UTF8&amp;qid=1343082386&amp;sr=1-2&amp;keywords=what+the+bleep\" target=\"_blank\">Amazon.com<\/a><\/p>\n<p><a href=\"https:\/\/www.amazon.com\/Journey-Infinite-Home-Transformational-System\/dp\/B00I5NYFDC?ie=UTF8&amp;*Version*=1&amp;*entries*=0\" target=\"_blank\">Journey to the Infinite<\/a>\u00a0(Viaje al infinito), de Robert Scheinfeld<\/p>\n<p align=\"left\"><span style=\"text-decoration: underline;\"><br \/>\nV\u00eddeos en\u00a0YouTube\u00a0<\/span><\/p>\n<p><a href=\"http:\/\/www.youtube.com\/watch?v=jAIDXzv_fKA\" target=\"_blank\">3D Hologram Meetings? Unbelievable Real Telepresence<\/a>\u00a0&#8211; \u00bfReuniones hologr\u00e1ficas en 3D? Telepresencia real incre\u00edble<\/p>\n<p><a href=\"http:\/\/www.youtube.com\/watch?v=afdkE1MAhrU&amp;feature=related\" target=\"_blank\">Brad Paisley &amp; Carrie Underwood &#8211; Remind Me<\/a><\/p>\n<p><a href=\"http:\/\/www.youtube.com\/watch?v=rcfNC_x0VvE\" target=\"_blank\">Cisco Telepresence Magic<\/a>\u00a0&#8211; La magia de la telepresencia, Cisco<\/p>\n<p><a href=\"http:\/\/www.youtube.com\/watch?v=2DIl3Hfh9tY\" target=\"_blank\">Leonard Susskind on the World as a Hologram<\/a>\u00a0&#8211; Leonard Susskind sobre \u201cEl mundo como holograma\u201d<\/p>\n<p><a href=\"http:\/\/www.youtube.com\/watch?v=Hvpvin6KdDU\" target=\"_blank\">Let&#8217;s Play Minecraft<\/a>\u00a0&#8211; Juguemos al Minecraft<\/p>\n<p><a href=\"http:\/\/www.youtube.com\/watch?v=LJThU1jDT2o\" target=\"_blank\">Measurement Problem &#8211; Reality is an Illusion<\/a>\u00a0&#8211; El problema de la medida; la realidad es una ilusi\u00f3n<\/p>\n<p><a href=\"http:\/\/www.youtube.com\/watch?v=tBAcxaRZpIo\" target=\"_blank\">PBS &#8211; The Fabric of the Cosmos: What Is Space<\/a>\u00a0&#8211; El tejido del Cosmos: \u00bfqu\u00e9 es el espacio?<\/p>\n<p><a href=\"http:\/\/www.youtube.com\/watch?v=0fKBhvDjuy0\" target=\"_blank\">Powers of Ten<\/a>\u00a0&#8211; Potencias de diez (doblado en Espa\u00f1ol)<\/p>\n<p><a style=\"line-height: 1.5em;\" href=\"http:\/\/www.youtube.com\/watch?v=IRM0yn5ZkJ8&amp;feature=results_main&amp;playnext=1&amp;list=PLA03BC3CB217E38AB\" target=\"_blank\">Real hologram &amp; holographic universe theory<\/a>\u00a0&#8211; Teor\u00eda de los hologramas reales y del Universo hologr\u00e1fico<\/p>\n<p><a href=\"http:\/\/www.youtube.com\/watch?v=rUikIfIVO-0\" target=\"_blank\">Tupac Performs at Coachella 2012 &#8211; TMZ<\/a>\u00a0 &#8211; Tupac toca en Coachella 2012<\/p>\n<p>&nbsp;<\/p>\n<p style=\"text-align: center;\" align=\"center\"><strong>SEGUNDA PARTE<\/strong><\/p>\n<p><span style=\"text-decoration: underline;\">Libros<\/span><\/p>\n<p style=\"text-align: left;\"><i>The Holographic Universe<\/i>\u00a0 (El Universo Hologr\u00e1fico), de Michael Talbot, disponible en\u00a0<span style=\"text-decoration: underline;\"><a style=\"line-height: 1.5em;\" href=\"http:\/\/www.amazon.com\/The-Holographic-Universe-Michael-Talbot\/dp\/B004S2W7F2\/ref=sr_1_4?ie=UTF8&amp;qid=1343082122&amp;sr=8-4&amp;keywords=the+holographic+universe\">Amazon.com<\/a><\/span><\/p>\n<p><em>A Course in Miracles<\/em>\u00a0(Un curso en milagros), disponible en\u00a0<a href=\"http:\/\/shop.acim.org\/collections\/frontpage\/products\/acim-paperback\">ACIM.org<\/a><\/p>\n<p><em>Dream Yoga and the Practice of Natural Light\u00a0<\/em>(El yoga de los sue\u00f1os y la pr\u00e1ctica de la luz natural), disponible en<em>\u00a0<\/em><a href=\"http:\/\/www.amazon.com\/Dream-Practice-Natural-Light-Revised\/dp\/1559391618\">Amazon.com<\/a><\/p>\n<p><em>The Essential Kabbalah<\/em>\u00a0(La c\u00e1bala imprescindible), de Daniet Matt, disponible en\u00a0<a href=\"http:\/\/www.amazon.com\/The-Essential-Kabbalah-Jewish-Mysticism\/dp\/0062511637\/ref=sr_1_1?ie=UTF8&amp;qid=1343128587&amp;sr=8-1&amp;keywords=kabbalah\">Amazon.com<\/a><\/p>\n<p><em>Mind time: The temporal factor in consciousness\u00a0<\/em>(Tiempo mental: el factor temporal en la consciencia), de Bemjamin Libet, disponible en\u00a0<a href=\"http:\/\/www.amazon.com\/Mind-Time-Consciousness-Perspectives-Neuroscience\/dp\/067401846X\/ref=sr_1_1?s=books&amp;ie=UTF8&amp;qid=1343129074&amp;sr=1-1&amp;keywords=Mind+time%3A+The+temporal+factor+in+consciousness\">Amazon.com<\/a><\/p>\n<p align=\"left\"><span style=\"text-decoration: underline;\"><br \/>\nDVDs\/Movies\/V\u00eddeos<\/span><\/p>\n<p><em>Star Trek: The Next Generation<\/em>\u00a0(Star Trek, la nueva generaci\u00f3n), \u201c11001001\u201d, primera temporada, episodio 14, disponible en\u00a0<a href=\"http:\/\/www.amazon.com\/Star-Trek-The-Next-Generation\/dp\/B00005Y1NF\/ref=sr_1_8?ie=UTF8&amp;qid=1343082753&amp;sr=8-8&amp;keywords=star+trek+next+season+1\">Amazon.com<\/a><\/p>\n<p><em>The Purple Rose of Cairo\u00a0<\/em>(La rosa p\u00farpura de El Cairo), de Woody Allen, disponible en\u00a0<a href=\"http:\/\/www.amazon.com\/The-Purple-Rose-of-Cairo\/dp\/B005Q5WGD8\/ref=sr_1_19_vod_1_pur?s=movies-tv&amp;ie=UTF8&amp;qid=1343128766&amp;sr=1-19\">Amazon.com<\/a><\/p>\n<p><em>What the Bleep!? &#8211; Down the Rabbit Hole<\/em>\u00a0(\u00a1\u00bfQu\u00e9 coj\u2026!? En la madriguera del conejo), (QUANTUM, edici\u00f3n especial en tres DVD), disponible en<em>\u00a0<\/em><a href=\"http:\/\/www.amazon.com\/What-Bleep-QUANTUM-Three-Disc-Special\/dp\/B000FKO3JO\/ref=sr_1_2?s=movies-tv&amp;ie=UTF8&amp;qid=1343082386&amp;sr=1-2&amp;keywords=what+the+bleep\">Amazon.com<\/a><\/p>\n<p><a href=\"https:\/\/www.amazon.com\/Journey-Infinite-Home-Transformational-System\/dp\/B00I5NYFDC?ie=UTF8&amp;*Version*=1&amp;*entries*=0\" target=\"_blank\">Journey to the Infinite<\/a>\u00a0(Viaje al infinito), de\u00a0Robert Scheinfeld<\/p>\n<p align=\"left\"><span style=\"text-decoration: underline;\"><br \/>\nV\u00eddeos en\u00a0YouTube\u00a0<\/span><\/p>\n<p align=\"left\"><a href=\"http:\/\/www.youtube.com\/watch?v=LJThU1jDT2o\">Measurement Problem &#8211; Reality is an Illusion<\/a>\u00a0&#8211;\u00a0El problema de la medida; la realidad es una ilusi\u00f3n<\/p>\n<p align=\"left\"><a style=\"line-height: 1.5em;\" href=\"http:\/\/www.youtube.com\/watch?v=N6S9OidmNZM\">Neuroscience and Free Will<\/a>\u00a0&#8211;<span style=\"line-height: 1.5em;\">\u00a0La neurociencia y el libre albedr\u00edo, BBC<\/span><\/p>\n<p align=\"left\"><a href=\"http:\/\/www.youtube.com\/watch?v=tBAcxaRZpIo\">PBS &#8211; The Fabric of the Cosmos: What Is Space<\/a>\u00a0&#8211;\u00a0El tejido del Cosmos: \u00bfqu\u00e9 es el espacio?<\/p>\n<p align=\"left\"><a href=\"http:\/\/www.youtube.com\/watch?v=o6URObxMKwc&amp;feature=relmfu\">The Secret Beyond Matter<\/a>\u00a0&#8211; El secreto de m\u00e1s all\u00e1 de la materia, Adnan Oktar<\/p>\n<p align=\"left\"><a href=\"http:\/\/www.youtube.com\/watch?v=l9q1Qkc-mWw\">Tom Campbell Unity North Atlanta<\/a>\u00a01\/3 &#8211; Una ciencia mejor, una vida mejor<\/p>\n<p>&nbsp;<\/p>\n<p style=\"text-align: center;\" align=\"center\"><strong>TERCERA PARTE<\/strong><\/p>\n<p><span style=\"text-decoration: underline;\">Libros<\/span><\/p>\n<p style=\"text-align: left;\"><i>The Holographic Universe<\/i>\u00a0 (El Universo Hologr\u00e1fico), de Michael Talbot, disponible en\u00a0<a style=\"line-height: 1.5em;\" href=\"http:\/\/www.amazon.com\/The-Holographic-Universe-Michael-Talbot\/dp\/B004S2W7F2\/ref=sr_1_4?ie=UTF8&amp;qid=1343082122&amp;sr=8-4&amp;keywords=the+holographic+universe\">Amazon.com<\/a><\/p>\n<p><em>Phantoms in the Brain\u00a0<\/em>(Fantasmas en el cerebro), de V.S. Ramachandran, disponible en\u00a0<a href=\"http:\/\/www.amazon.com\/Phantoms-Brain-V-S-Ramachandran\/dp\/1857028953\/ref=sr_1_3?ie=UTF8&amp;qid=1343135934&amp;sr=8-3&amp;keywords=phantoms+in+the+brain\">Amazon.com<\/a><\/p>\n<p align=\"left\"><span style=\"text-decoration: underline;\"><br \/>\nDVDs\/CDs\/Movies\/V\u00eddeos<\/span><\/p>\n<p align=\"left\"><em>Permission Slips\u00a0<\/em>(Permiso para equivocase), Bashar (23-06-2007), disponible en\u00a0<a href=\"http:\/\/www.bashar.org\/store.html\">Bashar.org<\/a><\/p>\n<p align=\"left\"><em>The Truman Show<\/em>\u00a0(El show de Truman -1998), con Jim Carrey, disponible en\u00a0<a href=\"http:\/\/www.amazon.com\/The-Truman-Show\/dp\/B002SGYPS2\/ref=sr_1_1_vod_1_pur?ie=UTF8&amp;qid=1343133556&amp;sr=8-1\">Amazon.com<\/a><\/p>\n<p><em>What the Bleep!? &#8211; Down the Rabbit Hole\u00a0<\/em>(\u00a1\u00bfQu\u00e9 coj\u2026!? En la madriguera del conejo), (QUANTUM, edici\u00f3n especial en tres DVD), disponible en<em>\u00a0<\/em><a href=\"http:\/\/www.amazon.com\/What-Bleep-QUANTUM-Three-Disc-Special\/dp\/B000FKO3JO\/ref=sr_1_2?s=movies-tv&amp;ie=UTF8&amp;qid=1343082386&amp;sr=1-2&amp;keywords=what+the+bleep\">Amazon.com<\/a><\/p>\n<p><a href=\"https:\/\/www.amazon.com\/Journey-Infinite-Home-Transformational-System\/dp\/B00I5NYFDC?ie=UTF8&amp;*Version*=1&amp;*entries*=0\" target=\"_blank\">Journey to the Infinite<\/a>\u00a0(Viaje al infinito), de\u00a0Robert Scheinfeld<\/p>\n<p align=\"left\"><span style=\"text-decoration: underline;\"><br \/>\nV\u00eddeos en\u00a0YouTube\u00a0\u00a0<\/span><\/p>\n<p align=\"left\"><a href=\"http:\/\/www.youtube.com\/watch?v=2DIl3Hfh9tY\">Leonard Susskind on the World as a Hologram<\/a>\u00a0&#8211; Leonard Susskind sobre \u201cEl mundo como holograma\u201d<\/p>\n<p align=\"left\"><a href=\"http:\/\/www.youtube.com\/watch?v=N6S9OidmNZM\">Neuroscience and Free Will<\/a>\u00a0&#8211; La neurociencia y el libre albedr\u00edo, BBC<\/p>\n<p align=\"left\"><a style=\"line-height: 1.5em;\" href=\"http:\/\/www.youtube.com\/watch?v=l9q1Qkc-mWw\">Tom Campbell Unity North Atlanta<\/a><span style=\"line-height: 1.5em;\">, 1\/3 &#8211; Una ciencia mejor, una vida mejor<\/span><\/p>\n<p>&nbsp;<\/p>\n<p style=\"text-align: center;\" align=\"center\"><strong>CUARTA PARTE<\/strong><\/p>\n<p style=\"text-align: left;\"><span style=\"text-decoration: underline; line-height: 1.5em;\">Libros<\/span><\/p>\n<p><em>The Oversoul 7 Trilogy\u00a0<\/em>(Trilog\u00eda Oversoul 7), de Jane Roberts, disponible en\u00a0<a href=\"http:\/\/www.amazon.com\/Oversoul-Seven-Trilogy-Education-Further\/dp\/1878424173\/ref=sr_1_1?s=books&amp;ie=UTF8&amp;qid=1343149237&amp;sr=1-1&amp;keywords=oversoul+7\">Amazon.com<\/a><\/p>\n<p><em>As You Like It\u00a0<\/em>(Como gust\u00e9is), de William Shakespeare, disponible en\u00a0<a href=\"http:\/\/www.amazon.com\/As-You-Like-William-Shakespeare\/dp\/1613821115\/ref=sr_1_1?s=books&amp;ie=UTF8&amp;qid=1343149310&amp;sr=1-1&amp;keywords=as+you+like+it\">Amazon.com<\/a><\/p>\n<p>Pa<em>rallel Universe: The Search for Other Worlds\u00a0<\/em>(Universos paralelos: la b\u00fasqueda de otros mundos), de Fred Alan Wolf, disponible en\u00a0\u00a0<a href=\"http:\/\/www.amazon.com\/Parallel-Universes-Search-Other-Worlds\/dp\/0671696017\/ref=sr_1_3?s=books&amp;ie=UTF8&amp;qid=1343149603&amp;sr=1-3&amp;keywords=parallel+universes\">Amazon.com<\/a><\/p>\n<p align=\"left\"><span style=\"text-decoration: underline;\"><br \/>\nDVDs\/CDs\/Movies\/V\u00eddeos<\/span><\/p>\n<p align=\"left\"><em>Disclosure<\/em>\u00a0(Acoso), con Michael Douglas y Demi Moore (1998), disponible en <a href=\"http:\/\/www.amazon.com\/Disclosure-Michael-Douglas\/dp\/0790730979\/ref=sr_1_1?s=movies-tv&amp;ie=UTF8&amp;qid=1343149483&amp;sr=1-1&amp;keywords=disclosure\">Amazon.com<\/a><\/p>\n<p align=\"left\"><a href=\"http:\/\/piratesonline.go.com\/#\/community\/community-home.html\">Disney&#8217;s Pirates of the Caribbean Online<\/a>\u00a0Disney: Piratas del Caribe online<\/p>\n<p align=\"left\"><em>Permission Slips\u00a0<\/em>(Permiso para equivocase), Bashar (23-06-2007), disponible en\u00a0<a href=\"http:\/\/www.bashar.org\/store.html\">Bashar.org<\/a><\/p>\n<p><em>The Cave: An Adaptation of Plato&#8217;s Allegory in Clay (<\/em>La Caverna: adaptaci\u00f3n en mu\u00f1ecos de barro animados de la alegor\u00eda de Plat\u00f3n), disponible en\u00a0<a href=\"http:\/\/platosallegory.com\/PurchaseDVD.aspx\" target=\"_blank\">PlatosAllegory.com<\/a><\/p>\n<p><a href=\"https:\/\/www.amazon.com\/Journey-Infinite-Home-Transformational-System\/dp\/B00I5NYFDC?ie=UTF8&amp;*Version*=1&amp;*entries*=0\" target=\"_blank\">Journey to the Infinite<\/a>\u00a0(Viaje al infinito), de\u00a0Robert Scheinfeld<\/p>\n<p align=\"left\"><span style=\"text-decoration: underline;\"><br \/>\nV\u00eddeos en\u00a0YouTube\u00a0<\/span><\/p>\n<p align=\"left\"><a href=\"http:\/\/www.youtube.com\/watch?v=iMUiwTubYu0\">Bill Hicks &#8211; It&#8217;s Just a Ride<\/a>\u00a0&#8211; Bill Hicks: Es s\u00f3lo un viaje<\/p>\n<p align=\"left\"><a href=\"http:\/\/www.youtube.com\/watch?v=mRX7o0DZc34\">John Adams: Making of (HBO)<\/a>\u00a0&#8211; El making of de John Adams<\/p>\n<p align=\"left\"><a href=\"http:\/\/www.youtube.com\/watch?v=oXLZRoBnEHY\">Part 1 of 5 &#8211; Parallel Universes &#8211; BBC\u00a0<\/a>\u00a0&#8211; Universos paralelos (parte 1 de 5)<\/p>\n<p align=\"left\"><a href=\"http:\/\/www.youtube.com\/watch?v=tBAcxaRZpIo\">PBS &#8211; The Fabric of the Cosmos: What Is Space<\/a>\u00a0&#8211; El tejido del Cosmos: \u00bfqu\u00e9 es el espacio?<\/p>\n<p>&nbsp;<\/p>\n<p style=\"text-align: center;\" align=\"center\"><strong>QUINTA PARTE<\/strong><\/p>\n<p style=\"text-align: left;\"><span style=\"text-decoration: underline; line-height: 1.5em;\">Libros<\/span><\/p>\n<p><em>The Enlightenment Trilogy\u00a0<\/em>(Trilog\u00eda de la Iluminaci\u00f3n), de Jed McKenna, disponible en\u00a0<a href=\"http:\/\/www.wisefoolpress.com\/\">Wisefool Press<\/a><\/p>\n<p><em>The Holy Bible<\/em>, <em>King James Version,\u00a0<\/em>La Sagrada Biblia, versi\u00f3n King James, disponible\u00a0<a href=\"http:\/\/www.amazon.com\/Holy-Bible-King-James-Version\/dp\/1585161519\/ref=sr_1_4?ie=UTF8&amp;qid=1343151397&amp;sr=8-4&amp;keywords=holy+bible\">Amazon.com<\/a><\/p>\n<p><em>The Holy Bible<\/em>, <em>New International Version,<\/em>\u00a0La Sagrada Biblia, nueva versi\u00f3n internacional, disponible en\u00a0<a href=\"http:\/\/www.amazon.com\/Holy-Bible-New-International-Version\/dp\/0310912369\/ref=sr_1_2?s=books&amp;ie=UTF8&amp;qid=1343151480&amp;sr=1-2&amp;keywords=holy+bible+new+international+version\">Amazon.com<\/a><\/p>\n<p align=\"left\"><span style=\"text-decoration: underline;\"><br \/>\nDVDs\/CDs\/Movies\/V\u00eddeos<\/span><\/p>\n<p align=\"left\"><em>Intellegente Zellen (Intelligent Cells),<\/em>\u00a0(C\u00e9lulas inteligentes), de Bruce Lipton (en Ingl\u00e9s y Alem\u00e1n), disponible en\u00a0<a href=\"http:\/\/www.koha-verlag.de\/zsi\/00127350A5gUSmS9j0Q\/koha\/produkte\/detail.html?id=5068\">Kola-Verlag<\/a><\/p>\n<p align=\"left\"><em>Permission Slips\u00a0<\/em>(Permiso para equivocase), Bashar (23-06-2007), disponible en\u00a0<a href=\"http:\/\/www.bashar.org\/store.html\">Bashar.org<\/a><\/p>\n<p align=\"left\"><em>The Biology of Perception, The Psychology of Change\u00a0<\/em>(La biolog\u00eda de la percepci\u00f3n: la psicolog\u00eda del cambio), de Bruce Lipton, disponible en\u00a0<a href=\"http:\/\/www.brucelipton.com\/store\/the-biology-of-perception-the-psychology-of-change\">BruceLipton.com<\/a><\/p>\n<p><em>The Cave: An Adaptation of Plato&#8217;s Allegory in Clay<\/em>\u00a0&#8211;\u00a0La Caverna: adaptaci\u00f3n en mu\u00f1ecos de barro animados de la alegor\u00eda de Plat\u00f3n, disponible en\u00a0<a href=\"http:\/\/platosallegory.com\/PurchaseDVD.aspx\" target=\"_blank\">PlatosAllegory.com<\/a><\/p>\n<p><em>What the Bleep!? &#8211; Down the Rabbit Hole<\/em> (\u00a1\u00bfQu\u00e9 coj\u2026!? En la madriguera del conejo), (QUANTUM, edici\u00f3n especial en tres DVD), disponible en\u00a0<a href=\"http:\/\/www.amazon.com\/What-Bleep-QUANTUM-Three-Disc-Special\/dp\/B000FKO3JO\/ref=sr_1_2?s=movies-tv&amp;ie=UTF8&amp;qid=1343082386&amp;sr=1-2&amp;keywords=what+the+bleep\">Amazon.com<\/a><\/p>\n<p><em>Yes Man\u00a0<\/em>(D\u00ed que s\u00ed), con Jim Carrey (2009), disponible en\u00a0<a href=\"http:\/\/www.amazon.com\/Yes-Man-Single-Disc-Jim-Carrey\/dp\/B001SN78JO\/ref=sr_1_2?s=movies-tv&amp;ie=UTF8&amp;qid=1343151700&amp;sr=1-2&amp;keywords=yes+man\">Amazon.com<\/a><\/p>\n<p><a href=\"https:\/\/www.amazon.com\/Journey-Infinite-Home-Transformational-System\/dp\/B00I5NYFDC?ie=UTF8&amp;*Version*=1&amp;*entries*=0\" target=\"_blank\">Journey to the Infinite<\/a>\u00a0(Viaje al infinito), de Robert Scheinfeld<\/p>\n<p align=\"left\"><span style=\"text-decoration: underline;\"><br \/>\nV\u00eddeos en\u00a0YouTube\u00a0<\/span><\/p>\n<p align=\"left\"><a href=\"http:\/\/www.youtube.com\/watch?v=YkMU737llZs\">Lets Play Minecraft &#8211; Episode 5 &#8211; Collecting Sand &amp; Improving the House<\/a>\u00a0&#8211;\u00a05\u00ba episodio: Recoger arena y mejorar la casa<\/p>\n<p><a href=\"http:\/\/www.youtube.com\/watch?v=6rgYz_BU2Ew\">Michael Talbot &#8211; Part 1 Complete &#8211; Synchronicity and the Holographic Universe &#8211; Thinking Allowed<\/a>\u00a0&#8211;\u00a0La sincronicidad y el Universo hologr\u00e1fico: permitido pensar \u2013 1\u00aa parte completa<\/p>\n<p><a href=\"http:\/\/www.youtube.com\/watch?v=9Il_D3Xt9W0\">TEDxUIUC &#8211; Daniel Simons &#8211; Seeing the World As It Isn&#8217;t<\/a>\u00a0&#8211; Ver el mundo como no es<\/p>\n<p><a href=\"http:\/\/www.youtube.com\/watch?v=UtKt8YF7dgQ\">The Invisible Gorilla (featuring Daniel Simons)<\/a>\u00a0&#8211;\u00a0El gorila invisible, presentando a Daniel Simons<\/p>\n<p><a href=\"http:\/\/www.youtube.com\/watch?v=IGQmdoK_ZfY\">The Monkey Business Illusion<\/a>\u00a0&#8211;\u00a0La ilusi\u00f3n de las moner\u00edas<\/p>\n<p style=\"text-align: center;\">Vuelta a\u00a0<a href=\"http:\/\/www.butterfliesfree.com\">Inicio<\/a><\/p>\n<p>&nbsp;<\/p>\n","protected":false},"excerpt":{"rendered":"<p>Lo que sigue es una lista de las fuentes del material que se ha usado para presentar la informaci\u00f3n en cinco partes de esta serie de talleres sobre el Universo Hologr\u00e1fico PRIMERA PARTE \u00a0Libros The Holographic Universe\u00a0 (El Universo Hologr\u00e1fico), de Michael Talbot, disponible en\u00a0Amazon.com The Field: The Quest for the Secret Force of the [&hellip;]<\/p>\n","protected":false},"author":1,"featured_media":0,"parent":0,"menu_order":0,"comment_status":"open","ping_status":"open","template":"","meta":{"footnotes":""},"class_list":["post-152","page","type-page","status-publish","hentry"],"_links":{"self":[{"href":"https:\/\/espiritualidad-cuantica.es\/index.php?rest_route=\/wp\/v2\/pages\/152","targetHints":{"allow":["GET"]}}],"collection":[{"href":"https:\/\/espiritualidad-cuantica.es\/index.php?rest_route=\/wp\/v2\/pages"}],"about":[{"href":"https:\/\/espiritualidad-cuantica.es\/index.php?rest_route=\/wp\/v2\/types\/page"}],"author":[{"embeddable":true,"href":"https:\/\/espiritualidad-cuantica.es\/index.php?rest_route=\/wp\/v2\/users\/1"}],"replies":[{"embeddable":true,"href":"https:\/\/espiritualidad-cuantica.es\/index.php?rest_route=%2Fwp%2Fv2%2Fcomments&post=152"}],"version-history":[{"count":10,"href":"https:\/\/espiritualidad-cuantica.es\/index.php?rest_route=\/wp\/v2\/pages\/152\/revisions"}],"predecessor-version":[{"id":1003,"href":"https:\/\/espiritualidad-cuantica.es\/index.php?rest_route=\/wp\/v2\/pages\/152\/revisions\/1003"}],"wp:attachment":[{"href":"https:\/\/espiritualidad-cuantica.es\/index.php?rest_route=%2Fwp%2Fv2%2Fmedia&parent=152"}],"curies":[{"name":"wp","href":"https:\/\/api.w.org\/{rel}","templated":true}]}}