{"id":14,"date":"2012-07-22T18:03:28","date_gmt":"2012-07-22T18:03:28","guid":{"rendered":"http:\/\/butterfliesfree.com\/?page_id=14"},"modified":"2016-06-23T18:01:40","modified_gmt":"2016-06-23T16:01:40","slug":"part-two","status":"publish","type":"page","link":"https:\/\/espiritualidad-cuantica.es\/?page_id=14","title":{"rendered":"Segunda Parte"},"content":{"rendered":"<p>Esta es la Segunda parte de una serie de cinco talleres dise\u00f1ados para examinar c\u00f3mo cambian radicalmente la F\u00edsica Cu\u00e1ntica y los experimentos cient\u00edficos m\u00e1s recientes nuestro conocimiento de la vida, la realidad y la espiritualidad.<\/p>\n<p>La Segunda parte\u00a0de los talleres es una pel\u00edcula de 79 minutos de duraci\u00f3n.<\/p>\n<p>Para ver la Segunda Parte en descarga continua, ir a\u00a0<a href=\"http:\/\/www.youtube.com\/watch?v=UhH4mSlTU-Q\" target=\"_blank\">YouTube<\/a> o <a href=\"https:\/\/drive.google.com\/open?id=0By9X7CaHqt8NTEV2RDJrNFZ1Ujg\" target=\"_blank\">GoogleDrive<\/a>\u00a0(se necesita una conexi\u00f3n r\u00e1pida).<\/p>\n<p>O puedes descargarla como un archivo de pel\u00edcula .avi (950Mb) presionando\u00a0<a href=\"https:\/\/www.adrive.com\/public\/bcwrUe\/ElUniversoHologr%C3%A1fico-SegundaParte.avi\" target=\"_blank\">aqu\u00ed<\/a>\u00a0y verla luego con cualquier programa de visualizaci\u00f3n de pel\u00edculas que tengas.<\/p>\n<p>Y\u00a0tambi\u00e9n puedes descargarla <a title=\"Primera Parte\" href=\"http:\/\/espiritualidad-cuantica.es\/SegundaParte.pdf\">aqu<\/a>\u00ed una transcripci\u00f3n en formato .pdf por si quieres leerla junto al v\u00eddeo.<\/p>\n<p style=\"text-align: center;\">Vuelta a <a href=\"http:\/\/espiritualidad-cuantica.es\">Inicio<\/a><\/p>\n","protected":false},"excerpt":{"rendered":"<p>Esta es la Segunda parte de una serie de cinco talleres dise\u00f1ados para examinar c\u00f3mo cambian radicalmente la F\u00edsica Cu\u00e1ntica y los experimentos cient\u00edficos m\u00e1s recientes nuestro conocimiento de la vida, la realidad y la espiritualidad. La Segunda parte\u00a0de los talleres es una pel\u00edcula de 79 minutos de duraci\u00f3n. Para ver la Segunda Parte en [&hellip;]<\/p>\n","protected":false},"author":1,"featured_media":0,"parent":0,"menu_order":0,"comment_status":"open","ping_status":"open","template":"","meta":{"footnotes":""},"class_list":["post-14","page","type-page","status-publish","hentry"],"_links":{"self":[{"href":"https:\/\/espiritualidad-cuantica.es\/index.php?rest_route=\/wp\/v2\/pages\/14","targetHints":{"allow":["GET"]}}],"collection":[{"href":"https:\/\/espiritualidad-cuantica.es\/index.php?rest_route=\/wp\/v2\/pages"}],"about":[{"href":"https:\/\/espiritualidad-cuantica.es\/index.php?rest_route=\/wp\/v2\/types\/page"}],"author":[{"embeddable":true,"href":"https:\/\/espiritualidad-cuantica.es\/index.php?rest_route=\/wp\/v2\/users\/1"}],"replies":[{"embeddable":true,"href":"https:\/\/espiritualidad-cuantica.es\/index.php?rest_route=%2Fwp%2Fv2%2Fcomments&post=14"}],"version-history":[{"count":15,"href":"https:\/\/espiritualidad-cuantica.es\/index.php?rest_route=\/wp\/v2\/pages\/14\/revisions"}],"predecessor-version":[{"id":988,"href":"https:\/\/espiritualidad-cuantica.es\/index.php?rest_route=\/wp\/v2\/pages\/14\/revisions\/988"}],"wp:attachment":[{"href":"https:\/\/espiritualidad-cuantica.es\/index.php?rest_route=%2Fwp%2Fv2%2Fmedia&parent=14"}],"curies":[{"name":"wp","href":"https:\/\/api.w.org\/{rel}","templated":true}]}}