{"id":13,"date":"2012-07-22T18:03:13","date_gmt":"2012-07-22T18:03:13","guid":{"rendered":"http:\/\/butterfliesfree.com\/?page_id=12"},"modified":"2016-06-23T18:00:50","modified_gmt":"2016-06-23T16:00:50","slug":"part-one","status":"publish","type":"page","link":"https:\/\/espiritualidad-cuantica.es\/?page_id=13","title":{"rendered":"Primera Parte"},"content":{"rendered":"<p>Esta es la Primera parte de una serie de cinco talleres dise\u00f1ados para examinar c\u00f3mo cambian radicalmente la F\u00edsica Cu\u00e1ntica y los experimentos cient\u00edficos m\u00e1s recientes nuestro conocimiento de la vida, la realidad y la espiritualidad.<\/p>\n<p>La Primera parte\u00a0de los talleres es una pel\u00edcula de 88 minutos de duraci\u00f3n.<\/p>\n<div dir=\"ltr\">\n<div>Para ver la Primera Parte en descarga continua, ir a\u00a0<a href=\"http:\/\/www.youtube.com\/watch?v=WHQU4zRmADs\" target=\"_blank\">YouTube<\/a> o <a href=\"https:\/\/drive.google.com\/open?id=0By9X7CaHqt8NaE1Za3F3WWN3eTA\" target=\"_blank\">GoogleDrive<\/a>\u00a0(se necesita una conexi\u00f3n r\u00e1pida).<\/div>\n<\/div>\n<p>O puedes descargarla como un archivo de pel\u00edcula .avi (1.2 Gb) presionando\u00a0<a href=\"https:\/\/www.adrive.com\/public\/Ya6dRk\/ElUniversoHologr%C3%A1fico-PrimeraParte.avi\" target=\"_blank\">aqu\u00ed<\/a>\u00a0y verla luego con cualquier programa de visualizaci\u00f3n de pel\u00edculas que tengas.<\/p>\n<p>Y\u00a0tambi\u00e9n puedes descargarla <a title=\"Primera Parte\" href=\"http:\/\/espiritualidad-cuantica.es\/PrimeraParte.pdf\">aqu<\/a>\u00ed una transcripci\u00f3n en formato .pdf por si quieres leerla junto al v\u00eddeo.<\/p>\n<p>&nbsp;<\/p>\n<p style=\"text-align: center;\">Vuelta a <a href=\"http:\/\/espiritualidad-cuantica.es\">Inicio<\/a><\/p>\n","protected":false},"excerpt":{"rendered":"<p>Esta es la Primera parte de una serie de cinco talleres dise\u00f1ados para examinar c\u00f3mo cambian radicalmente la F\u00edsica Cu\u00e1ntica y los experimentos cient\u00edficos m\u00e1s recientes nuestro conocimiento de la vida, la realidad y la espiritualidad. La Primera parte\u00a0de los talleres es una pel\u00edcula de 88 minutos de duraci\u00f3n. Para ver la Primera Parte en [&hellip;]<\/p>\n","protected":false},"author":1,"featured_media":0,"parent":0,"menu_order":0,"comment_status":"open","ping_status":"open","template":"","meta":{"footnotes":""},"class_list":["post-13","page","type-page","status-publish","hentry"],"_links":{"self":[{"href":"https:\/\/espiritualidad-cuantica.es\/index.php?rest_route=\/wp\/v2\/pages\/13","targetHints":{"allow":["GET"]}}],"collection":[{"href":"https:\/\/espiritualidad-cuantica.es\/index.php?rest_route=\/wp\/v2\/pages"}],"about":[{"href":"https:\/\/espiritualidad-cuantica.es\/index.php?rest_route=\/wp\/v2\/types\/page"}],"author":[{"embeddable":true,"href":"https:\/\/espiritualidad-cuantica.es\/index.php?rest_route=\/wp\/v2\/users\/1"}],"replies":[{"embeddable":true,"href":"https:\/\/espiritualidad-cuantica.es\/index.php?rest_route=%2Fwp%2Fv2%2Fcomments&post=13"}],"version-history":[{"count":24,"href":"https:\/\/espiritualidad-cuantica.es\/index.php?rest_route=\/wp\/v2\/pages\/13\/revisions"}],"predecessor-version":[{"id":987,"href":"https:\/\/espiritualidad-cuantica.es\/index.php?rest_route=\/wp\/v2\/pages\/13\/revisions\/987"}],"wp:attachment":[{"href":"https:\/\/espiritualidad-cuantica.es\/index.php?rest_route=%2Fwp%2Fv2%2Fmedia&parent=13"}],"curies":[{"name":"wp","href":"https:\/\/api.w.org\/{rel}","templated":true}]}}