{"id":119,"date":"2012-07-22T23:40:57","date_gmt":"2012-07-22T23:40:57","guid":{"rendered":"http:\/\/butterfliesfree.com\/?page_id=119"},"modified":"2016-06-23T18:08:50","modified_gmt":"2016-06-23T16:08:50","slug":"part-four","status":"publish","type":"page","link":"https:\/\/espiritualidad-cuantica.es\/?page_id=119","title":{"rendered":"Cuarta Parte"},"content":{"rendered":"<p>Esta es la Cuarta parte de una serie de cinco talleres dise\u00f1ados para examinar c\u00f3mo cambian radicalmente la F\u00edsica Cu\u00e1ntica y los experimentos cient\u00edficos m\u00e1s recientes nuestro conocimiento de la vida, la realidad y la espiritualidad.<\/p>\n<p>La Cuarta parte\u00a0de los talleres es una pel\u00edcula de 76 minutos de duraci\u00f3n.<\/p>\n<p>Para ver la Cuarta Parte en descarga continua, ir a\u00a0<a href=\"https:\/\/drive.google.com\/open?id=0By9X7CaHqt8NVU9XalZ5X0ZicGc\" target=\"_blank\">GoogleDrive<\/a>\u00a0(se necesita una conexi\u00f3n r\u00e1pida). (La BBC Internacional ha bloqueado la Cuarta Parte en YouTube.)<\/p>\n<p>O puedes descargarla como un archivo de pel\u00edcula .avi (900 MB) \u00a0presionando\u00a0<a href=\"https:\/\/www.adrive.com\/public\/J7AwpC\/ElUniversoHologr%C3%A1fico-CuartaParte.avi\" target=\"_blank\">aqu\u00ed<\/a>\u00a0y verla luego con cualquier programa de visualizaci\u00f3n de pel\u00edculas que tengas.<\/p>\n<p>Y\u00a0tambi\u00e9n puedes descargarla <a title=\"Primera Parte\" href=\"http:\/\/espiritualidad-cuantica.es\/CuartaParte.pdf\">aqu<\/a>\u00ed una transcripci\u00f3n en formato .pdf por si quieres leerla junto al v\u00eddeo.<\/p>\n<p>&nbsp;<\/p>\n<p style=\"text-align: center;\">Vuelta a <a href=\"http:\/\/espiritualidad-cuantica.es\">Inicio<\/a><\/p>\n","protected":false},"excerpt":{"rendered":"<p>Esta es la Cuarta parte de una serie de cinco talleres dise\u00f1ados para examinar c\u00f3mo cambian radicalmente la F\u00edsica Cu\u00e1ntica y los experimentos cient\u00edficos m\u00e1s recientes nuestro conocimiento de la vida, la realidad y la espiritualidad. La Cuarta parte\u00a0de los talleres es una pel\u00edcula de 76 minutos de duraci\u00f3n. Para ver la Cuarta Parte en [&hellip;]<\/p>\n","protected":false},"author":1,"featured_media":0,"parent":0,"menu_order":0,"comment_status":"closed","ping_status":"closed","template":"","meta":{"footnotes":""},"class_list":["post-119","page","type-page","status-publish","hentry"],"_links":{"self":[{"href":"https:\/\/espiritualidad-cuantica.es\/index.php?rest_route=\/wp\/v2\/pages\/119","targetHints":{"allow":["GET"]}}],"collection":[{"href":"https:\/\/espiritualidad-cuantica.es\/index.php?rest_route=\/wp\/v2\/pages"}],"about":[{"href":"https:\/\/espiritualidad-cuantica.es\/index.php?rest_route=\/wp\/v2\/types\/page"}],"author":[{"embeddable":true,"href":"https:\/\/espiritualidad-cuantica.es\/index.php?rest_route=\/wp\/v2\/users\/1"}],"replies":[{"embeddable":true,"href":"https:\/\/espiritualidad-cuantica.es\/index.php?rest_route=%2Fwp%2Fv2%2Fcomments&post=119"}],"version-history":[{"count":15,"href":"https:\/\/espiritualidad-cuantica.es\/index.php?rest_route=\/wp\/v2\/pages\/119\/revisions"}],"predecessor-version":[{"id":992,"href":"https:\/\/espiritualidad-cuantica.es\/index.php?rest_route=\/wp\/v2\/pages\/119\/revisions\/992"}],"wp:attachment":[{"href":"https:\/\/espiritualidad-cuantica.es\/index.php?rest_route=%2Fwp%2Fv2%2Fmedia&parent=119"}],"curies":[{"name":"wp","href":"https:\/\/api.w.org\/{rel}","templated":true}]}}