{"id":102,"date":"2012-07-22T22:55:35","date_gmt":"2012-07-22T22:55:35","guid":{"rendered":"http:\/\/butterfliesfree.com\/?page_id=102"},"modified":"2013-12-06T19:31:05","modified_gmt":"2013-12-06T18:31:05","slug":"about-the-author","status":"publish","type":"page","link":"https:\/\/espiritualidad-cuantica.es\/?page_id=102","title":{"rendered":"Sobre el Autor"},"content":{"rendered":"<p><a href=\"http:\/\/espiritualidad-cuantica.es\/wp-content\/uploads\/2013\/12\/newsad2.jpg\"><img loading=\"lazy\" decoding=\"async\" class=\"size-medium wp-image-778 alignright\" style=\"border: 5px solid black; margin-right: 10px; margin-left: 10px;\" alt=\"newsad2\" src=\"http:\/\/espiritualidad-cuantica.es\/wp-content\/uploads\/2013\/12\/newsad2-218x300.jpg\" width=\"218\" height=\"300\" srcset=\"https:\/\/espiritualidad-cuantica.es\/wp-content\/uploads\/2013\/12\/newsad2-218x300.jpg 218w, https:\/\/espiritualidad-cuantica.es\/wp-content\/uploads\/2013\/12\/newsad2.jpg 300w\" sizes=\"auto, (max-width: 218px) 100vw, 218px\" \/><\/a>Me llamo Stephen Davis\u2026 normalmente me detengo aqu\u00ed, porque qui\u00e9n sea yo no tiene realmente importancia.<\/p>\n<p>Pero ya que parece que son ustedes curiosos\u2026<\/p>\n<p>Nac\u00ed y crec\u00ed en Wilmington, Delaware, Estados Unidos. Tengo una licenciatura en Ciencias Pol\u00edticas, un m\u00e1ster en Psicolog\u00eda y un doctorado en Teolog\u00eda.<\/p>\n<p>Mi vida ha estado llena de experiencias interesantes y retadoras.<\/p>\n<p>Comenc\u00e9 mi \u201ccamino spiritual\u201d a los 19 a\u00f1os, tras leer el libro <i>El r\u00edo de mi vida<\/i>, de Thomas Sugrue. Este libro es la biograf\u00eda de Edgar Cayce. Inmediatamente despu\u00e9s fui a trabajar con el hijo de Cayce, Hugh Lynn, en la <a href=\"http:\/\/www.edgarcayce.org\/\" target=\"_blank\"><em>Association of Research and Enlightenment<\/em><\/a> (<i>Asociaci\u00f3n para la Investigaci\u00f3n y la Iluminaci\u00f3n)<\/i><\/p>\n<p>Luego he sido, en orden cronol\u00f3gico:<\/p>\n<p>~ Bater\u00eda, pianista, bajista y director musical de <a href=\"http:\/\/www.upwithpeople.org\/\" target=\"_blank\">Viva la Gente<\/a> cuando empez\u00f3 el grupo.<\/p>\n<p>~ Ayudante de m\u00e9dico en el ej\u00e9rcito de los Estados Unidos, incluyendo un a\u00f1o en Vietnam.<\/p>\n<p>~ Piloto comercial en la l\u00ednea a\u00e9rea Cochise Airlines, en Arizona (Estados Unidos)<\/p>\n<p>~ Senador estatal por el Distrito 9 (Tucson), en Arizona. (En 1975 se me concedi\u00f3 la Medalla de Honor George Washington por la Freedom Foundation, en Valley Forge, por mi art\u00edculo <i>\u201cEl Gobierno contra la Econom\u00eda\u201d<\/i>, publicado en <em><a title=\"Wikipedia:Parade Magazine\" href=\"http:\/\/en.wikipedia.org\/wiki\/Parade_Magazine\" target=\"_blank\">Parade Magazine<\/a><\/em>).<\/p>\n<p>~ Ayudante de Gabinete del Comodoro L. Ron Hubbard en la Iglesia de la Cienciolog\u00eda, y fundador y primer presidente de el \u00a0<a href=\"http:\/\/www.wise.org\/en_US\/index.html\" target=\"_blank\">World Institute of Scientology Enterprises<\/a>\u00a0(WISE) (Instituto mundial de empresas de la Cienciolog\u00eda)<\/p>\n<p>~ Director de Desarrollo y profesor en la Sherman College of Straight Chiropractic (Facultad Sherman de Quiropraxis Directa), donde escrib\u00ed mi primer libro, \u00a0<em>Practice Management Made Easy <\/em><em>(<\/em><em>Pr\u00e1ctica facilitada de la gerencia<\/em><em>)<\/em><\/p>\n<p>~ Creador del software para llevar un consultorio de quiropr\u00e1ctica.<\/p>\n<p>~ Candidato derrotado al Senado de los Estados Unidos por Carolina del Sur (\u00a1Strom Thurmond me gan\u00f3 a los 82 a\u00f1os!)<\/p>\n<p>~ Domador de caballos y gerente de un <a href=\"http:\/\/www.horsebreakers.com\/\" target=\"_blank\">rancho de crianza para pieles<\/a>\u00a0en Arizona<\/p>\n<p>~ Cocinero y capit\u00e1n en un barco de 27 metros de investigaci\u00f3n sobre ballenas y delfines (el <i>Kairos<\/i>), en las Islas Canarias.<\/p>\n<p>~ Autor de un gui\u00f3n cinematogr\u00e1fico premiado y de dos libros (novelas) basados en diez a\u00f1os de investigaciones para probar que eh VIH no puede ser la causa del SIDA, <a href=\"http:\/\/www.theaidstrial.com\/\" target=\"_blank\"><em>Wrongful Death: The AIDS Trial<\/em><\/a> (<i>Muerte por error: juicio al SIDA<\/i>); y que el llamado test del VIH puede dar falsos positivos hasta un 90% de las veces,\u00a0 <a href=\"http:\/\/www.areyoupositive.org\/\" target=\"_blank\"><em>Are You Positive?<\/em><\/a> (<i>\u00bfEres seropositivo?<\/i> )<\/p>\n<p>En 2003 sufr\u00ed un accidente automovil\u00edstico en el que me romp\u00ed el cuello, y desde entonces he tenido que \u201ctom\u00e1rmelo con calma\u201d, escribiendo <i>Butterlies are Free to Fly<\/i> (<i>Las mariposas vuelan libres<\/i>), en 2008, y dando mis seminarios sobre \u201cEl Universo Hologr\u00e1fico\u201d por todo el mundo (la F\u00edsica Cu\u00e1ntica ha sido mi \u201cafici\u00f3n\u201d durante casi 30 a\u00f1os).\u00a0 Me siento honrado de que tanta gente haya descargado (\u00a1y le\u00eddo, espero!) este libro.<\/p>\n<p>Tengo una familia estupenda a la que apenas veo por la distancia, con tres nietos incre\u00edbles.<\/p>\n<p>He tenido dos esposas maravillosas (cada una durante 15 a\u00f1os), pero ahora estoy soltero y viajo a muchos sitios por todo el mundo.<\/p>\n<p>Tengo 67 a\u00f1os.<\/p>\n<p>\u00bfBasta con esto?<\/p>\n<p style=\"text-align: center;\">Vuelta a <a href=\"http:\/\/espiritualidad-cuantica.es\">Inicio<\/a><\/p>\n","protected":false},"excerpt":{"rendered":"<p>Me llamo Stephen Davis\u2026 normalmente me detengo aqu\u00ed, porque qui\u00e9n sea yo no tiene realmente importancia. Pero ya que parece que son ustedes curiosos\u2026 Nac\u00ed y crec\u00ed en Wilmington, Delaware, Estados Unidos. Tengo una licenciatura en Ciencias Pol\u00edticas, un m\u00e1ster en Psicolog\u00eda y un doctorado en Teolog\u00eda. Mi vida ha estado llena de experiencias interesantes [&hellip;]<\/p>\n","protected":false},"author":1,"featured_media":0,"parent":0,"menu_order":0,"comment_status":"open","ping_status":"open","template":"","meta":{"footnotes":""},"class_list":["post-102","page","type-page","status-publish","hentry"],"_links":{"self":[{"href":"https:\/\/espiritualidad-cuantica.es\/index.php?rest_route=\/wp\/v2\/pages\/102","targetHints":{"allow":["GET"]}}],"collection":[{"href":"https:\/\/espiritualidad-cuantica.es\/index.php?rest_route=\/wp\/v2\/pages"}],"about":[{"href":"https:\/\/espiritualidad-cuantica.es\/index.php?rest_route=\/wp\/v2\/types\/page"}],"author":[{"embeddable":true,"href":"https:\/\/espiritualidad-cuantica.es\/index.php?rest_route=\/wp\/v2\/users\/1"}],"replies":[{"embeddable":true,"href":"https:\/\/espiritualidad-cuantica.es\/index.php?rest_route=%2Fwp%2Fv2%2Fcomments&post=102"}],"version-history":[{"count":16,"href":"https:\/\/espiritualidad-cuantica.es\/index.php?rest_route=\/wp\/v2\/pages\/102\/revisions"}],"predecessor-version":[{"id":779,"href":"https:\/\/espiritualidad-cuantica.es\/index.php?rest_route=\/wp\/v2\/pages\/102\/revisions\/779"}],"wp:attachment":[{"href":"https:\/\/espiritualidad-cuantica.es\/index.php?rest_route=%2Fwp%2Fv2%2Fmedia&parent=102"}],"curies":[{"name":"wp","href":"https:\/\/api.w.org\/{rel}","templated":true}]}}